{"id":465,"date":"2012-10-10T12:44:04","date_gmt":"2012-10-10T12:44:04","guid":{"rendered":"http:\/\/acme.to\/uppskriftir\/?page_id=465"},"modified":"2020-09-06T17:09:22","modified_gmt":"2020-09-06T17:09:22","slug":"about","status":"publish","type":"page","link":"https:\/\/acme.to\/uppskriftir\/?page_id=465","title":{"rendered":"Um vefinn"},"content":{"rendered":"\n<p>\u00deessi vefur byrja\u00f0i eiginlega \u00e1 einfaldri uppskrift af <a title=\"Einfaldur g\u00e6sapottr\u00e9ttur\" href=\"http:\/\/acme.to\/uppskriftir\/?p=2\">g\u00e6sapottr\u00e9tt<\/a>\u00a0fr\u00e1 vini, hripu\u00f0 ni\u00f0ur \u00e1 br\u00e9fsnifsi, \u00e1ri\u00f0 var l\u00edklega 1995-7. \u00deessi br\u00e9f snepill hefur s\u00ed\u00f0an \u00fev\u00e6lst um \u00ed sk\u00faffum og hirslum og til hans var gripi\u00f0 af og til. Svo kom einhvern t\u00edmann a\u00f0 \u00fevi a\u00f0 l\u00f6ngun vakna\u00f0i til a\u00f0 var\u00f0veita \u00feessa uppskrift \u00e1 annan h\u00e1tt, a\u00f0gengilegri.<\/p>\n\n\n\n<p>Fr\u00e1 \u00fev\u00ed \u00ed J\u00fal\u00ed 2003 hefur \u00feessu uppskriftarsafni veri\u00f0 haldi\u00f0 \u00fati me\u00f0 uppskriftum \u00far \u00f6llum \u00e1ttum. \u00c1 t\u00edmabili me\u00f0 a\u00f0sto\u00f0 fr\u00e1 nokkrum dyggum notendum. Fr\u00e1 \u00e1rinu 2004 var vefurinn drifinn \u00e1fram af Movable Type bloggkerfinu og h\u00fdstur \u00e1 t\u00f6lvu heima vi\u00f0 sem haf\u00f0i \u00feann lei\u00f0inlega galla a\u00f0 \u00f3v\u00e6ntar raskanir t\u00f3ku vefinn ni\u00f0ur af og til.<br>\u00cd \u00e1g\u00fast 2008 var svo stofnu\u00f0 <a rel=\"noopener noreferrer\" href=\"https:\/\/www.facebook.com\/uppskriftirnar\/\" target=\"_blank\">facebook s\u00ed\u00f0a<\/a>. Fj\u00f6ldi &#8220;Fans&#8217;s&#8221; (Like \u00ed dag), j\u00f3kst nokku\u00f0 hratt og var komi\u00f0 yfir 9.000 \u00ed jan\u00faar 2010 og yfir 13.000 \u00ed \u00e1g\u00fast 2011 \u00e1n \u00feess a\u00f0 vera a\u00f0 ota \u00feessu of miki\u00f0 a\u00f0 f\u00f3lki. Seinni part n\u00f3vember 2009 \u00a0var <a rel=\"noopener noreferrer\" href=\"https:\/\/twitter.com\/uppskrift\" target=\"_blank\">Twitter a\u00f0gangur<\/a> stofna\u00f0ur.<br>Bilun \u00e1 vef\u00fej\u00f3ni \u00ed september 2012 var\u00f0 svo til \u00feess a\u00f0 uppskriftars\u00ed\u00f0an var alfari\u00f0 flutt \u00e1 n\u00fdjan vef\u00fej\u00f3n \u00e1samt \u00fev\u00ed a\u00f0 f\u00e1 n\u00fdtt umsj\u00f3narkerfi.<\/p>\n\n\n\n<p>Tilgangurinn me\u00f0 \u00feessu \u00f6llu saman er a\u00f0 safna saman \u00fdmsum matar og k\u00f6ku uppskriftum \u00e1 vefs\u00ed\u00f0unni <a href=\"http:\/\/acme.to\/uppskriftir\/\">http:\/\/acme.to\/uppskriftir\/<\/a> og jafn vel g\u00f3\u00f0um h\u00fasr\u00e1\u00f0um. <\/p>\n","protected":false},"excerpt":{"rendered":"<p>\u00deessi vefur byrja\u00f0i eiginlega \u00e1 einfaldri uppskrift af g\u00e6sapottr\u00e9tt\u00a0fr\u00e1 vini, hripu\u00f0 ni\u00f0ur \u00e1 br\u00e9fsnifsi, \u00e1ri\u00f0 var l\u00edklega 1995-7. \u00deessi br\u00e9f snepill hefur s\u00ed\u00f0an \u00fev\u00e6lst um \u00ed sk\u00faffum og hirslum og til hans var gripi\u00f0 af og til. Svo kom einhvern t\u00edmann a\u00f0 \u00fevi a\u00f0 l\u00f6ngun&nbsp;<a class=\"read-more\" href=\"https:\/\/acme.to\/uppskriftir\/?page_id=465\">Lesa meira<\/a><\/p>\n","protected":false},"author":1,"featured_media":830,"parent":0,"menu_order":0,"comment_status":"closed","ping_status":"closed","template":"","meta":{"footnotes":""},"class_list":["post-465","page","type-page","status-publish","has-post-thumbnail","hentry"],"_links":{"self":[{"href":"https:\/\/acme.to\/uppskriftir\/index.php?rest_route=\/wp\/v2\/pages\/465","targetHints":{"allow":["GET"]}}],"collection":[{"href":"https:\/\/acme.to\/uppskriftir\/index.php?rest_route=\/wp\/v2\/pages"}],"about":[{"href":"https:\/\/acme.to\/uppskriftir\/index.php?rest_route=\/wp\/v2\/types\/page"}],"author":[{"embeddable":true,"href":"https:\/\/acme.to\/uppskriftir\/index.php?rest_route=\/wp\/v2\/users\/1"}],"replies":[{"embeddable":true,"href":"https:\/\/acme.to\/uppskriftir\/index.php?rest_route=%2Fwp%2Fv2%2Fcomments&post=465"}],"version-history":[{"count":20,"href":"https:\/\/acme.to\/uppskriftir\/index.php?rest_route=\/wp\/v2\/pages\/465\/revisions"}],"predecessor-version":[{"id":832,"href":"https:\/\/acme.to\/uppskriftir\/index.php?rest_route=\/wp\/v2\/pages\/465\/revisions\/832"}],"wp:featuredmedia":[{"embeddable":true,"href":"https:\/\/acme.to\/uppskriftir\/index.php?rest_route=\/wp\/v2\/media\/830"}],"wp:attachment":[{"href":"https:\/\/acme.to\/uppskriftir\/index.php?rest_route=%2Fwp%2Fv2%2Fmedia&parent=465"}],"curies":[{"name":"wp","href":"https:\/\/api.w.org\/{rel}","templated":true}]}}